{"id":731,"date":"2019-09-17T22:40:27","date_gmt":"2019-09-17T20:40:27","guid":{"rendered":"http:\/\/www.jevouszen-massages.com\/?page_id=731"},"modified":"2022-05-17T18:07:09","modified_gmt":"2022-05-17T16:07:09","slug":"formation-professionnelle-entreprise","status":"publish","type":"page","link":"http:\/\/www.jevouszen-massages.com\/index.php\/formation-professionnelle-entreprise\/","title":{"rendered":"Head, Neck &#038; Shoulders Entreprise"},"content":{"rendered":"\n<h4>pour prestations en Entreprises &amp; Ev\u00e9nementiels<\/h4>\n\n\n\n<p>Il s&rsquo;agit d&rsquo;un massage habill\u00e9 sur table de massage, v\u00e9ritable alternative originale au massage Amma classique.<\/p>\n\n\n\n<p>Cette formation s&rsquo;adresse aux personnes d\u00e9sireuses d&rsquo;apprendre un nouveau m\u00e9tier dans le secteur porteur du bien-\u00eatre au travail, et aux praticiens d\u00e9j\u00e0 install\u00e9s qui souhaitent diversifier leurs comp\u00e9tences et leur offre aux entreprises.<\/p>\n\n\n\n<p class=\"has-text-color\" style=\"color:#0024a3\"><em>Protocole exclusif<\/em><\/p>\n\n\n\n<p class=\"has-text-align-center has-text-color\" style=\"color:#ff0800\">Bient\u00f4t d&rsquo;ici janvier 2023!<br><\/p>\n\n\n\n<div class=\"wp-block-image\"><figure class=\"aligncenter\"><img loading=\"lazy\" width=\"300\" height=\"200\" src=\"http:\/\/www.jevouszen-massages.com\/wp-content\/uploads\/2019\/09\/kari-shea-1SAnrIxw5OY-unsplash-300x200.jpg\" alt=\"\" class=\"wp-image-722\" srcset=\"http:\/\/www.jevouszen-massages.com\/wp-content\/uploads\/2019\/09\/kari-shea-1SAnrIxw5OY-unsplash-300x200.jpg 300w, http:\/\/www.jevouszen-massages.com\/wp-content\/uploads\/2019\/09\/kari-shea-1SAnrIxw5OY-unsplash-768x512.jpg 768w, http:\/\/www.jevouszen-massages.com\/wp-content\/uploads\/2019\/09\/kari-shea-1SAnrIxw5OY-unsplash-1024x683.jpg 1024w, http:\/\/www.jevouszen-massages.com\/wp-content\/uploads\/2019\/09\/kari-shea-1SAnrIxw5OY-unsplash-400x267.jpg 400w\" sizes=\"(max-width: 300px) 100vw, 300px\" \/><\/figure><\/div>\n\n\n\n<p class=\"has-text-color\" style=\"color:#0024a3\">Sessions sur 3 jours &#8211; D\u00e9livrance d&rsquo;une Attestation de Formation<\/p>\n\n\n\n<p class=\"has-text-color\" style=\"color:#0024a3\"><em>Je Vous Zen Massage Academy est un<\/em> <em>Organisme de Formation enregistr\u00e9 sous le 93131748013. <\/em><em>C<\/em><em>et enregistrement ne vaut pas agr\u00e9ment de l\u2019Etat.<\/em><\/p>\n\n\n\n<p class=\"has-text-color\" style=\"color:#0024a3\"><em>La formation peut \u00eatre prise en charge au titre de la Formation professionnelle continue.<\/em><\/p>\n","protected":false},"excerpt":{"rendered":"<p>pour prestations en Entreprises &amp; Ev\u00e9nementiels Il s&rsquo;agit d&rsquo;un massage habill\u00e9 sur table de massage, v\u00e9ritable alternative originale au massage Amma classique. Cette formation s&rsquo;adresse aux personnes d\u00e9sireuses d&rsquo;apprendre un nouveau m\u00e9tier dans le secteur porteur du bien-\u00eatre au travail,<\/p>\n","protected":false},"author":1,"featured_media":0,"parent":0,"menu_order":0,"comment_status":"closed","ping_status":"closed","template":"","meta":{"spay_email":""},"yoast_head":"<!-- This site is optimized with the Yoast SEO plugin v18.9 - https:\/\/yoast.com\/wordpress\/plugins\/seo\/ -->\n<title>Head, Neck &amp; Shoulders Entreprise - Je Vous Zen - Massage Academy<\/title>\n<meta name=\"description\" content=\"Massage habill\u00e9 sur table de massage, v\u00e9ritable alternative originale au massage Amma classique. Pour apprendre un nouveau m\u00e9tier dans le secteur porteur du bien-\u00eatre au travail ou diversifier ses comp\u00e9tences et son offre aux entreprises.\" \/>\n<meta name=\"robots\" content=\"index, follow, max-snippet:-1, max-image-preview:large, max-video-preview:-1\" \/>\n<link rel=\"canonical\" href=\"http:\/\/www.jevouszen-massages.com\/index.php\/formation-professionnelle-entreprise\/\" \/>\n<meta property=\"og:locale\" content=\"fr_FR\" \/>\n<meta property=\"og:type\" content=\"article\" \/>\n<meta property=\"og:title\" content=\"Head, Neck &amp; Shoulders Entreprise - Je Vous Zen - Massage Academy\" \/>\n<meta property=\"og:description\" content=\"Massage habill\u00e9 sur table de massage, v\u00e9ritable alternative originale au massage Amma classique. Pour apprendre un nouveau m\u00e9tier dans le secteur porteur du bien-\u00eatre au travail ou diversifier ses comp\u00e9tences et son offre aux entreprises.\" \/>\n<meta property=\"og:url\" content=\"http:\/\/www.jevouszen-massages.com\/index.php\/formation-professionnelle-entreprise\/\" \/>\n<meta property=\"og:site_name\" content=\"Je Vous Zen - Massage Academy\" \/>\n<meta property=\"article:modified_time\" content=\"2022-05-17T16:07:09+00:00\" \/>\n<meta property=\"og:image\" content=\"http:\/\/www.jevouszen-massages.com\/wp-content\/uploads\/2019\/09\/kari-shea-1SAnrIxw5OY-unsplash-300x200.jpg\" \/>\n<meta name=\"twitter:card\" content=\"summary_large_image\" \/>\n<meta name=\"twitter:label1\" content=\"Dur\u00e9e de lecture estim\u00e9e\" \/>\n\t<meta name=\"twitter:data1\" content=\"1 minute\" \/>\n<script type=\"application\/ld+json\" class=\"yoast-schema-graph\">{\"@context\":\"https:\/\/schema.org\",\"@graph\":[{\"@type\":\"WebSite\",\"@id\":\"http:\/\/www.jevouszen-massages.com\/#website\",\"url\":\"http:\/\/www.jevouszen-massages.com\/\",\"name\":\"Je Vous Zen - Massage Academy\",\"description\":\"Centre de Formation au Massage bien-\u00eatre \u00e0 Marseille\",\"potentialAction\":[{\"@type\":\"SearchAction\",\"target\":{\"@type\":\"EntryPoint\",\"urlTemplate\":\"http:\/\/www.jevouszen-massages.com\/?s={search_term_string}\"},\"query-input\":\"required name=search_term_string\"}],\"inLanguage\":\"fr-FR\"},{\"@type\":\"ImageObject\",\"inLanguage\":\"fr-FR\",\"@id\":\"http:\/\/www.jevouszen-massages.com\/index.php\/formation-professionnelle-entreprise\/#primaryimage\",\"url\":\"http:\/\/www.jevouszen-massages.com\/wp-content\/uploads\/2019\/09\/kari-shea-1SAnrIxw5OY-unsplash.jpg\",\"contentUrl\":\"http:\/\/www.jevouszen-massages.com\/wp-content\/uploads\/2019\/09\/kari-shea-1SAnrIxw5OY-unsplash.jpg\",\"width\":5243,\"height\":3495},{\"@type\":\"WebPage\",\"@id\":\"http:\/\/www.jevouszen-massages.com\/index.php\/formation-professionnelle-entreprise\/#webpage\",\"url\":\"http:\/\/www.jevouszen-massages.com\/index.php\/formation-professionnelle-entreprise\/\",\"name\":\"Head, Neck & Shoulders Entreprise - Je Vous Zen - Massage Academy\",\"isPartOf\":{\"@id\":\"http:\/\/www.jevouszen-massages.com\/#website\"},\"primaryImageOfPage\":{\"@id\":\"http:\/\/www.jevouszen-massages.com\/index.php\/formation-professionnelle-entreprise\/#primaryimage\"},\"datePublished\":\"2019-09-17T20:40:27+00:00\",\"dateModified\":\"2022-05-17T16:07:09+00:00\",\"description\":\"Massage habill\u00e9 sur table de massage, v\u00e9ritable alternative originale au massage Amma classique. Pour apprendre un nouveau m\u00e9tier dans le secteur porteur du bien-\u00eatre au travail ou diversifier ses comp\u00e9tences et son offre aux entreprises.\",\"breadcrumb\":{\"@id\":\"http:\/\/www.jevouszen-massages.com\/index.php\/formation-professionnelle-entreprise\/#breadcrumb\"},\"inLanguage\":\"fr-FR\",\"potentialAction\":[{\"@type\":\"ReadAction\",\"target\":[\"http:\/\/www.jevouszen-massages.com\/index.php\/formation-professionnelle-entreprise\/\"]}]},{\"@type\":\"BreadcrumbList\",\"@id\":\"http:\/\/www.jevouszen-massages.com\/index.php\/formation-professionnelle-entreprise\/#breadcrumb\",\"itemListElement\":[{\"@type\":\"ListItem\",\"position\":1,\"name\":\"Accueil\",\"item\":\"http:\/\/www.jevouszen-massages.com\/\"},{\"@type\":\"ListItem\",\"position\":2,\"name\":\"Head, Neck &#038; Shoulders Entreprise\"}]}]}<\/script>\n<!-- \/ Yoast SEO plugin. -->","yoast_head_json":{"title":"Head, Neck & Shoulders Entreprise - Je Vous Zen - Massage Academy","description":"Massage habill\u00e9 sur table de massage, v\u00e9ritable alternative originale au massage Amma classique. Pour apprendre un nouveau m\u00e9tier dans le secteur porteur du bien-\u00eatre au travail ou diversifier ses comp\u00e9tences et son offre aux entreprises.","robots":{"index":"index","follow":"follow","max-snippet":"max-snippet:-1","max-image-preview":"max-image-preview:large","max-video-preview":"max-video-preview:-1"},"canonical":"http:\/\/www.jevouszen-massages.com\/index.php\/formation-professionnelle-entreprise\/","og_locale":"fr_FR","og_type":"article","og_title":"Head, Neck & Shoulders Entreprise - Je Vous Zen - Massage Academy","og_description":"Massage habill\u00e9 sur table de massage, v\u00e9ritable alternative originale au massage Amma classique. Pour apprendre un nouveau m\u00e9tier dans le secteur porteur du bien-\u00eatre au travail ou diversifier ses comp\u00e9tences et son offre aux entreprises.","og_url":"http:\/\/www.jevouszen-massages.com\/index.php\/formation-professionnelle-entreprise\/","og_site_name":"Je Vous Zen - Massage Academy","article_modified_time":"2022-05-17T16:07:09+00:00","og_image":[{"url":"http:\/\/www.jevouszen-massages.com\/wp-content\/uploads\/2019\/09\/kari-shea-1SAnrIxw5OY-unsplash-300x200.jpg"}],"twitter_card":"summary_large_image","twitter_misc":{"Dur\u00e9e de lecture estim\u00e9e":"1 minute"},"schema":{"@context":"https:\/\/schema.org","@graph":[{"@type":"WebSite","@id":"http:\/\/www.jevouszen-massages.com\/#website","url":"http:\/\/www.jevouszen-massages.com\/","name":"Je Vous Zen - Massage Academy","description":"Centre de Formation au Massage bien-\u00eatre \u00e0 Marseille","potentialAction":[{"@type":"SearchAction","target":{"@type":"EntryPoint","urlTemplate":"http:\/\/www.jevouszen-massages.com\/?s={search_term_string}"},"query-input":"required name=search_term_string"}],"inLanguage":"fr-FR"},{"@type":"ImageObject","inLanguage":"fr-FR","@id":"http:\/\/www.jevouszen-massages.com\/index.php\/formation-professionnelle-entreprise\/#primaryimage","url":"http:\/\/www.jevouszen-massages.com\/wp-content\/uploads\/2019\/09\/kari-shea-1SAnrIxw5OY-unsplash.jpg","contentUrl":"http:\/\/www.jevouszen-massages.com\/wp-content\/uploads\/2019\/09\/kari-shea-1SAnrIxw5OY-unsplash.jpg","width":5243,"height":3495},{"@type":"WebPage","@id":"http:\/\/www.jevouszen-massages.com\/index.php\/formation-professionnelle-entreprise\/#webpage","url":"http:\/\/www.jevouszen-massages.com\/index.php\/formation-professionnelle-entreprise\/","name":"Head, Neck & Shoulders Entreprise - Je Vous Zen - Massage Academy","isPartOf":{"@id":"http:\/\/www.jevouszen-massages.com\/#website"},"primaryImageOfPage":{"@id":"http:\/\/www.jevouszen-massages.com\/index.php\/formation-professionnelle-entreprise\/#primaryimage"},"datePublished":"2019-09-17T20:40:27+00:00","dateModified":"2022-05-17T16:07:09+00:00","description":"Massage habill\u00e9 sur table de massage, v\u00e9ritable alternative originale au massage Amma classique. Pour apprendre un nouveau m\u00e9tier dans le secteur porteur du bien-\u00eatre au travail ou diversifier ses comp\u00e9tences et son offre aux entreprises.","breadcrumb":{"@id":"http:\/\/www.jevouszen-massages.com\/index.php\/formation-professionnelle-entreprise\/#breadcrumb"},"inLanguage":"fr-FR","potentialAction":[{"@type":"ReadAction","target":["http:\/\/www.jevouszen-massages.com\/index.php\/formation-professionnelle-entreprise\/"]}]},{"@type":"BreadcrumbList","@id":"http:\/\/www.jevouszen-massages.com\/index.php\/formation-professionnelle-entreprise\/#breadcrumb","itemListElement":[{"@type":"ListItem","position":1,"name":"Accueil","item":"http:\/\/www.jevouszen-massages.com\/"},{"@type":"ListItem","position":2,"name":"Head, Neck &#038; Shoulders Entreprise"}]}]}},"jetpack_sharing_enabled":true,"jetpack_shortlink":"https:\/\/wp.me\/P9Lu4E-bN","_links":{"self":[{"href":"http:\/\/www.jevouszen-massages.com\/index.php\/wp-json\/wp\/v2\/pages\/731"}],"collection":[{"href":"http:\/\/www.jevouszen-massages.com\/index.php\/wp-json\/wp\/v2\/pages"}],"about":[{"href":"http:\/\/www.jevouszen-massages.com\/index.php\/wp-json\/wp\/v2\/types\/page"}],"author":[{"embeddable":true,"href":"http:\/\/www.jevouszen-massages.com\/index.php\/wp-json\/wp\/v2\/users\/1"}],"replies":[{"embeddable":true,"href":"http:\/\/www.jevouszen-massages.com\/index.php\/wp-json\/wp\/v2\/comments?post=731"}],"version-history":[{"count":14,"href":"http:\/\/www.jevouszen-massages.com\/index.php\/wp-json\/wp\/v2\/pages\/731\/revisions"}],"predecessor-version":[{"id":2700,"href":"http:\/\/www.jevouszen-massages.com\/index.php\/wp-json\/wp\/v2\/pages\/731\/revisions\/2700"}],"wp:attachment":[{"href":"http:\/\/www.jevouszen-massages.com\/index.php\/wp-json\/wp\/v2\/media?parent=731"}],"curies":[{"name":"wp","href":"https:\/\/api.w.org\/{rel}","templated":true}]}}