{"id":349,"date":"2018-04-10T16:43:29","date_gmt":"2018-04-10T14:43:29","guid":{"rendered":"http:\/\/www.jevouszen-massages.com\/?post_type=product&#038;p=349"},"modified":"2021-02-02T19:59:24","modified_gmt":"2021-02-02T18:59:24","slug":"initiation-au-massage-du-dos","status":"publish","type":"product","link":"http:\/\/www.jevouszen-massages.com\/index.php\/produit\/initiation-au-massage-du-dos\/","title":{"rendered":"Mini-formation au Massage du Dos"},"content":{"rendered":"<h3>Vous apprendrez les bases du massage : votre posture pour ne pas vous faire mal, les gestes essentiels (effleurages, lissages, p\u00e9trissages, percussions, etc), une br\u00e8ve pr\u00e9sentation de l&rsquo;anatomie du dos.<\/h3>\n<p><em>Et bien plus :<\/em><\/p>\n<ul>\n<li>La personne et son confort<\/li>\n<li>Qui est cette personne ? Ce que j&rsquo;en per\u00e7ois<\/li>\n<li>Comment prendre contact<\/li>\n<li>Toucher une personne et non un corps<\/li>\n<li>Le toucher est r\u00e9ciproque<\/li>\n<li>Faire face \u00e0 ses propres craintes<\/li>\n<li>Adapter la pression, jouer avec son propre corps<\/li>\n<li>Proximit\u00e9 et distance<\/li>\n<li>La fluidit\u00e9 du massage<\/li>\n<li>Accueillir le mouvement, l&rsquo;expression, l&rsquo;\u00e9motion<\/li>\n<li>Ressentir et s&rsquo;accorder au besoin de l&rsquo;autre<\/li>\n<li>Respirer et favoriser la respiration<\/li>\n<li>Rester neutre et bienveillant<\/li>\n<li>Pour la personne allong\u00e9e : se pr\u00eater au massage, laisser l&rsquo;expression se manifester, accueillir la sensation<\/li>\n<\/ul>\n<p>&nbsp;<\/p>\n<p><img loading=\"lazy\" class=\"alignnone size-medium wp-image-265\" src=\"http:\/\/www.jevouszen-massages.com\/wp-content\/uploads\/2018\/03\/massage-12-main-9563127-300x300.jpg\" alt=\"\" width=\"300\" height=\"300\" \/><\/p>\n<p>Atelier de minimum 2 personnes et maximum 8 personnes.<\/p>\n<p>Pr\u00e9voir une tenue confortable, un maillot de bain et une grande serviette.<\/p>\n<p>Huile de massage et mat\u00e9riels fournis<\/p>\n","protected":false},"excerpt":{"rendered":"<p>Vous apprendrez les bases du massage : votre posture pour ne pas vous faire mal, les gestes essentiels (effleurages, lissages, p\u00e9trissages, percussions, etc), une br\u00e8ve pr\u00e9sentation de l&rsquo;anatomie du dos. Et bien plus : La personne et son confort Qui<\/p>\n","protected":false},"featured_media":911,"template":"","meta":{"spay_email":"","jetpack_publicize_message":"","jetpack_is_tweetstorm":false,"jetpack_publicize_feature_enabled":true},"product_cat":[20],"product_tag":[],"yoast_head":"<!-- This site is optimized with the Yoast SEO plugin v18.9 - https:\/\/yoast.com\/wordpress\/plugins\/seo\/ -->\n<title>Mini-formation au Massage du Dos - Je Vous Zen - Massage Academy<\/title>\n<meta name=\"description\" content=\"Apprenez les bases professionnelles d&#039;un massage bien-\u00eatre du dos. Diff\u00e9rentes techniques et postures vous seront enseign\u00e9es.\" \/>\n<meta name=\"robots\" content=\"index, follow, max-snippet:-1, max-image-preview:large, max-video-preview:-1\" \/>\n<link rel=\"canonical\" href=\"https:\/\/www.jevouszen-massages.com\/index.php\/produit\/initiation-au-massage-du-dos\/\" \/>\n<meta property=\"og:locale\" content=\"fr_FR\" \/>\n<meta property=\"og:type\" content=\"article\" \/>\n<meta property=\"og:title\" content=\"Mini-formation au Massage du Dos - Je Vous Zen - Massage Academy\" \/>\n<meta property=\"og:description\" content=\"Apprenez les bases professionnelles d&#039;un massage bien-\u00eatre du dos. Diff\u00e9rentes techniques et postures vous seront enseign\u00e9es.\" \/>\n<meta property=\"og:url\" content=\"https:\/\/www.jevouszen-massages.com\/index.php\/produit\/initiation-au-massage-du-dos\/\" \/>\n<meta property=\"og:site_name\" content=\"Je Vous Zen - Massage Academy\" \/>\n<meta property=\"article:modified_time\" content=\"2021-02-02T18:59:24+00:00\" \/>\n<meta property=\"og:image\" content=\"https:\/\/www.jevouszen-massages.com\/wp-content\/uploads\/2018\/04\/mini-formation-massage-dos.jpg\" \/>\n\t<meta property=\"og:image:width\" content=\"960\" \/>\n\t<meta property=\"og:image:height\" content=\"720\" \/>\n\t<meta property=\"og:image:type\" content=\"image\/jpeg\" \/>\n<meta name=\"twitter:card\" content=\"summary_large_image\" \/>\n<meta name=\"twitter:label1\" content=\"Dur\u00e9e de lecture estim\u00e9e\" \/>\n\t<meta name=\"twitter:data1\" content=\"1 minute\" \/>\n<script type=\"application\/ld+json\" class=\"yoast-schema-graph\">{\"@context\":\"https:\/\/schema.org\",\"@graph\":[{\"@type\":\"WebSite\",\"@id\":\"http:\/\/www.jevouszen-massages.com\/#website\",\"url\":\"http:\/\/www.jevouszen-massages.com\/\",\"name\":\"Je Vous Zen - Massage Academy\",\"description\":\"Centre de Formation au Massage bien-\u00eatre \u00e0 Marseille\",\"potentialAction\":[{\"@type\":\"SearchAction\",\"target\":{\"@type\":\"EntryPoint\",\"urlTemplate\":\"http:\/\/www.jevouszen-massages.com\/?s={search_term_string}\"},\"query-input\":\"required name=search_term_string\"}],\"inLanguage\":\"fr-FR\"},{\"@type\":\"ImageObject\",\"inLanguage\":\"fr-FR\",\"@id\":\"https:\/\/www.jevouszen-massages.com\/index.php\/produit\/initiation-au-massage-du-dos\/#primaryimage\",\"url\":\"http:\/\/www.jevouszen-massages.com\/wp-content\/uploads\/2018\/04\/mini-formation-massage-dos.jpg\",\"contentUrl\":\"http:\/\/www.jevouszen-massages.com\/wp-content\/uploads\/2018\/04\/mini-formation-massage-dos.jpg\",\"width\":960,\"height\":720},{\"@type\":\"WebPage\",\"@id\":\"https:\/\/www.jevouszen-massages.com\/index.php\/produit\/initiation-au-massage-du-dos\/#webpage\",\"url\":\"https:\/\/www.jevouszen-massages.com\/index.php\/produit\/initiation-au-massage-du-dos\/\",\"name\":\"Mini-formation au Massage du Dos - Je Vous Zen - Massage Academy\",\"isPartOf\":{\"@id\":\"http:\/\/www.jevouszen-massages.com\/#website\"},\"primaryImageOfPage\":{\"@id\":\"https:\/\/www.jevouszen-massages.com\/index.php\/produit\/initiation-au-massage-du-dos\/#primaryimage\"},\"datePublished\":\"2018-04-10T14:43:29+00:00\",\"dateModified\":\"2021-02-02T18:59:24+00:00\",\"description\":\"Apprenez les bases professionnelles d'un massage bien-\u00eatre du dos. Diff\u00e9rentes techniques et postures vous seront enseign\u00e9es.\",\"breadcrumb\":{\"@id\":\"https:\/\/www.jevouszen-massages.com\/index.php\/produit\/initiation-au-massage-du-dos\/#breadcrumb\"},\"inLanguage\":\"fr-FR\",\"potentialAction\":[{\"@type\":\"ReadAction\",\"target\":[\"https:\/\/www.jevouszen-massages.com\/index.php\/produit\/initiation-au-massage-du-dos\/\"]}]},{\"@type\":\"BreadcrumbList\",\"@id\":\"https:\/\/www.jevouszen-massages.com\/index.php\/produit\/initiation-au-massage-du-dos\/#breadcrumb\",\"itemListElement\":[{\"@type\":\"ListItem\",\"position\":1,\"name\":\"Accueil\",\"item\":\"http:\/\/www.jevouszen-massages.com\/\"},{\"@type\":\"ListItem\",\"position\":2,\"name\":\"Boutique\",\"item\":\"http:\/\/www.jevouszen-massages.com\/index.php\/tarifs-boutique\/\"},{\"@type\":\"ListItem\",\"position\":3,\"name\":\"Mini-formation au Massage du Dos\"}]}]}<\/script>\n<!-- \/ Yoast SEO plugin. -->","yoast_head_json":{"title":"Mini-formation au Massage du Dos - Je Vous Zen - Massage Academy","description":"Apprenez les bases professionnelles d'un massage bien-\u00eatre du dos. Diff\u00e9rentes techniques et postures vous seront enseign\u00e9es.","robots":{"index":"index","follow":"follow","max-snippet":"max-snippet:-1","max-image-preview":"max-image-preview:large","max-video-preview":"max-video-preview:-1"},"canonical":"https:\/\/www.jevouszen-massages.com\/index.php\/produit\/initiation-au-massage-du-dos\/","og_locale":"fr_FR","og_type":"article","og_title":"Mini-formation au Massage du Dos - Je Vous Zen - Massage Academy","og_description":"Apprenez les bases professionnelles d'un massage bien-\u00eatre du dos. Diff\u00e9rentes techniques et postures vous seront enseign\u00e9es.","og_url":"https:\/\/www.jevouszen-massages.com\/index.php\/produit\/initiation-au-massage-du-dos\/","og_site_name":"Je Vous Zen - Massage Academy","article_modified_time":"2021-02-02T18:59:24+00:00","og_image":[{"width":960,"height":720,"url":"https:\/\/www.jevouszen-massages.com\/wp-content\/uploads\/2018\/04\/mini-formation-massage-dos.jpg","type":"image\/jpeg"}],"twitter_card":"summary_large_image","twitter_misc":{"Dur\u00e9e de lecture estim\u00e9e":"1 minute"},"schema":{"@context":"https:\/\/schema.org","@graph":[{"@type":"WebSite","@id":"http:\/\/www.jevouszen-massages.com\/#website","url":"http:\/\/www.jevouszen-massages.com\/","name":"Je Vous Zen - Massage Academy","description":"Centre de Formation au Massage bien-\u00eatre \u00e0 Marseille","potentialAction":[{"@type":"SearchAction","target":{"@type":"EntryPoint","urlTemplate":"http:\/\/www.jevouszen-massages.com\/?s={search_term_string}"},"query-input":"required name=search_term_string"}],"inLanguage":"fr-FR"},{"@type":"ImageObject","inLanguage":"fr-FR","@id":"https:\/\/www.jevouszen-massages.com\/index.php\/produit\/initiation-au-massage-du-dos\/#primaryimage","url":"http:\/\/www.jevouszen-massages.com\/wp-content\/uploads\/2018\/04\/mini-formation-massage-dos.jpg","contentUrl":"http:\/\/www.jevouszen-massages.com\/wp-content\/uploads\/2018\/04\/mini-formation-massage-dos.jpg","width":960,"height":720},{"@type":"WebPage","@id":"https:\/\/www.jevouszen-massages.com\/index.php\/produit\/initiation-au-massage-du-dos\/#webpage","url":"https:\/\/www.jevouszen-massages.com\/index.php\/produit\/initiation-au-massage-du-dos\/","name":"Mini-formation au Massage du Dos - Je Vous Zen - Massage Academy","isPartOf":{"@id":"http:\/\/www.jevouszen-massages.com\/#website"},"primaryImageOfPage":{"@id":"https:\/\/www.jevouszen-massages.com\/index.php\/produit\/initiation-au-massage-du-dos\/#primaryimage"},"datePublished":"2018-04-10T14:43:29+00:00","dateModified":"2021-02-02T18:59:24+00:00","description":"Apprenez les bases professionnelles d'un massage bien-\u00eatre du dos. Diff\u00e9rentes techniques et postures vous seront enseign\u00e9es.","breadcrumb":{"@id":"https:\/\/www.jevouszen-massages.com\/index.php\/produit\/initiation-au-massage-du-dos\/#breadcrumb"},"inLanguage":"fr-FR","potentialAction":[{"@type":"ReadAction","target":["https:\/\/www.jevouszen-massages.com\/index.php\/produit\/initiation-au-massage-du-dos\/"]}]},{"@type":"BreadcrumbList","@id":"https:\/\/www.jevouszen-massages.com\/index.php\/produit\/initiation-au-massage-du-dos\/#breadcrumb","itemListElement":[{"@type":"ListItem","position":1,"name":"Accueil","item":"http:\/\/www.jevouszen-massages.com\/"},{"@type":"ListItem","position":2,"name":"Boutique","item":"http:\/\/www.jevouszen-massages.com\/index.php\/tarifs-boutique\/"},{"@type":"ListItem","position":3,"name":"Mini-formation au Massage du Dos"}]}]}},"jetpack_publicize_connections":[],"jetpack_sharing_enabled":true,"_links":{"self":[{"href":"http:\/\/www.jevouszen-massages.com\/index.php\/wp-json\/wp\/v2\/product\/349"}],"collection":[{"href":"http:\/\/www.jevouszen-massages.com\/index.php\/wp-json\/wp\/v2\/product"}],"about":[{"href":"http:\/\/www.jevouszen-massages.com\/index.php\/wp-json\/wp\/v2\/types\/product"}],"wp:featuredmedia":[{"embeddable":true,"href":"http:\/\/www.jevouszen-massages.com\/index.php\/wp-json\/wp\/v2\/media\/911"}],"wp:attachment":[{"href":"http:\/\/www.jevouszen-massages.com\/index.php\/wp-json\/wp\/v2\/media?parent=349"}],"wp:term":[{"taxonomy":"product_cat","embeddable":true,"href":"http:\/\/www.jevouszen-massages.com\/index.php\/wp-json\/wp\/v2\/product_cat?post=349"},{"taxonomy":"product_tag","embeddable":true,"href":"http:\/\/www.jevouszen-massages.com\/index.php\/wp-json\/wp\/v2\/product_tag?post=349"}],"curies":[{"name":"wp","href":"https:\/\/api.w.org\/{rel}","templated":true}]}}