{"id":352,"date":"2018-04-10T16:48:13","date_gmt":"2018-04-10T14:48:13","guid":{"rendered":"http:\/\/www.jevouszen-massages.com\/?post_type=product&#038;p=352"},"modified":"2020-06-08T14:09:01","modified_gmt":"2020-06-08T12:09:01","slug":"initiation-au-massage-minceur","status":"publish","type":"product","link":"http:\/\/www.jevouszen-massages.com\/index.php\/produit\/initiation-au-massage-minceur\/","title":{"rendered":"Mini-formation au Massage Minceur"},"content":{"rendered":"<h3>Apprenez une fois pour toutes les techniques de palper-rouler, drainage et autres gestes amincissants aupr\u00e8s d&rsquo;une masseuse professionnelle agr\u00e9\u00e9e :<\/h3>\n<p>&#8211; d\u00e9structurez les cellules graisseuses superflues pour les \u00e9vacuer<\/p>\n<p>&#8211; drainez : cellulite, peau d&rsquo;orange, r\u00e9tention d&rsquo;eau<\/p>\n<p>&#8211; r\u00e9duisez le volume graisseux<\/p>\n<p>&#8211; tonifiez la masse musculaire<\/p>\n<p>&#8211; raffermissez la peau<\/p>\n<p><strong>Zones cibl\u00e9es : cuisses, fessiers, ventre, hanches, bras.<\/strong><\/p>\n<p><em>Et aussi :<\/em><\/p>\n<p>&#8211; adopter les bonnes postures<\/p>\n<p>&#8211; point sur les huiles essentielles adapt\u00e9es (cr\u00e9ez votre propre huile minceur). Le massage optimise les effets d&rsquo;une huile ou d&rsquo;une cr\u00e8me<\/p>\n<p>&#8211; diagnostiquer les diff\u00e9rents types de cellulite<\/p>\n<p>&#8211; les causes de la cellulite<\/p>\n<p>&nbsp;<\/p>\n<h3>Le massage minceur est l&rsquo;outil incontournable d&rsquo;une d\u00e9marche minceur globale. En auto-massage sur certaines zones ou pour pratiquer sur une amie, famille&#8230; Faites des \u00e9changes!<\/h3>\n<p>Cours en petits groupes de 2 \u00e0 4 personnes seulement.<\/p>\n<p>Cet atelier est r\u00e9serv\u00e9 aux femmes.<\/p>\n<p>Pr\u00e9voir un maillot et une grande serviette.<\/p>\n<p>Huile de massage et mat\u00e9riels fournis<\/p>\n","protected":false},"excerpt":{"rendered":"<p>Apprenez une fois pour toutes les techniques de palper-rouler, drainage et autres gestes amincissants aupr\u00e8s d&rsquo;une masseuse professionnelle agr\u00e9\u00e9e : &#8211; d\u00e9structurez les cellules graisseuses superflues pour les \u00e9vacuer &#8211; drainez : cellulite, peau d&rsquo;orange, r\u00e9tention d&rsquo;eau &#8211; r\u00e9duisez le<\/p>\n","protected":false},"featured_media":723,"template":"","meta":{"spay_email":"","jetpack_publicize_message":"","jetpack_is_tweetstorm":false,"jetpack_publicize_feature_enabled":true},"product_cat":[20],"product_tag":[],"yoast_head":"<!-- This site is optimized with the Yoast SEO plugin v18.9 - https:\/\/yoast.com\/wordpress\/plugins\/seo\/ -->\n<title>Mini-formation au Massage Minceur - Je Vous Zen - Massage Academy<\/title>\n<meta name=\"robots\" content=\"index, follow, max-snippet:-1, max-image-preview:large, max-video-preview:-1\" \/>\n<link rel=\"canonical\" href=\"http:\/\/www.jevouszen-massages.com\/index.php\/produit\/initiation-au-massage-minceur\/\" \/>\n<meta property=\"og:locale\" content=\"fr_FR\" \/>\n<meta property=\"og:type\" content=\"article\" \/>\n<meta property=\"og:title\" content=\"Mini-formation au Massage Minceur - Je Vous Zen - Massage Academy\" \/>\n<meta property=\"og:description\" content=\"Apprenez une fois pour toutes les techniques de palper-rouler, drainage et autres gestes amincissants aupr\u00e8s d&rsquo;une masseuse professionnelle agr\u00e9\u00e9e : &#8211; d\u00e9structurez les cellules graisseuses superflues pour les \u00e9vacuer &#8211; drainez : cellulite, peau d&rsquo;orange, r\u00e9tention d&rsquo;eau &#8211; r\u00e9duisez le\" \/>\n<meta property=\"og:url\" content=\"http:\/\/www.jevouszen-massages.com\/index.php\/produit\/initiation-au-massage-minceur\/\" \/>\n<meta property=\"og:site_name\" content=\"Je Vous Zen - Massage Academy\" \/>\n<meta property=\"article:modified_time\" content=\"2020-06-08T12:09:01+00:00\" \/>\n<meta property=\"og:image\" content=\"http:\/\/www.jevouszen-massages.com\/wp-content\/uploads\/2019\/09\/elena-koycheva-edgbikzV5Do-unsplash.jpg\" \/>\n\t<meta property=\"og:image:width\" content=\"3154\" \/>\n\t<meta property=\"og:image:height\" content=\"4731\" \/>\n\t<meta property=\"og:image:type\" content=\"image\/jpeg\" \/>\n<meta name=\"twitter:card\" content=\"summary_large_image\" \/>\n<meta name=\"twitter:label1\" content=\"Dur\u00e9e de lecture estim\u00e9e\" \/>\n\t<meta name=\"twitter:data1\" content=\"1 minute\" \/>\n<script type=\"application\/ld+json\" class=\"yoast-schema-graph\">{\"@context\":\"https:\/\/schema.org\",\"@graph\":[{\"@type\":\"WebSite\",\"@id\":\"http:\/\/www.jevouszen-massages.com\/#website\",\"url\":\"http:\/\/www.jevouszen-massages.com\/\",\"name\":\"Je Vous Zen - Massage Academy\",\"description\":\"Centre de Formation au Massage bien-\u00eatre \u00e0 Marseille\",\"potentialAction\":[{\"@type\":\"SearchAction\",\"target\":{\"@type\":\"EntryPoint\",\"urlTemplate\":\"http:\/\/www.jevouszen-massages.com\/?s={search_term_string}\"},\"query-input\":\"required name=search_term_string\"}],\"inLanguage\":\"fr-FR\"},{\"@type\":\"ImageObject\",\"inLanguage\":\"fr-FR\",\"@id\":\"http:\/\/www.jevouszen-massages.com\/index.php\/produit\/initiation-au-massage-minceur\/#primaryimage\",\"url\":\"http:\/\/www.jevouszen-massages.com\/wp-content\/uploads\/2019\/09\/elena-koycheva-edgbikzV5Do-unsplash.jpg\",\"contentUrl\":\"http:\/\/www.jevouszen-massages.com\/wp-content\/uploads\/2019\/09\/elena-koycheva-edgbikzV5Do-unsplash.jpg\",\"width\":3154,\"height\":4731},{\"@type\":\"WebPage\",\"@id\":\"http:\/\/www.jevouszen-massages.com\/index.php\/produit\/initiation-au-massage-minceur\/#webpage\",\"url\":\"http:\/\/www.jevouszen-massages.com\/index.php\/produit\/initiation-au-massage-minceur\/\",\"name\":\"Mini-formation au Massage Minceur - Je Vous Zen - Massage Academy\",\"isPartOf\":{\"@id\":\"http:\/\/www.jevouszen-massages.com\/#website\"},\"primaryImageOfPage\":{\"@id\":\"http:\/\/www.jevouszen-massages.com\/index.php\/produit\/initiation-au-massage-minceur\/#primaryimage\"},\"datePublished\":\"2018-04-10T14:48:13+00:00\",\"dateModified\":\"2020-06-08T12:09:01+00:00\",\"breadcrumb\":{\"@id\":\"http:\/\/www.jevouszen-massages.com\/index.php\/produit\/initiation-au-massage-minceur\/#breadcrumb\"},\"inLanguage\":\"fr-FR\",\"potentialAction\":[{\"@type\":\"ReadAction\",\"target\":[\"http:\/\/www.jevouszen-massages.com\/index.php\/produit\/initiation-au-massage-minceur\/\"]}]},{\"@type\":\"BreadcrumbList\",\"@id\":\"http:\/\/www.jevouszen-massages.com\/index.php\/produit\/initiation-au-massage-minceur\/#breadcrumb\",\"itemListElement\":[{\"@type\":\"ListItem\",\"position\":1,\"name\":\"Accueil\",\"item\":\"http:\/\/www.jevouszen-massages.com\/\"},{\"@type\":\"ListItem\",\"position\":2,\"name\":\"Boutique\",\"item\":\"http:\/\/www.jevouszen-massages.com\/index.php\/tarifs-boutique\/\"},{\"@type\":\"ListItem\",\"position\":3,\"name\":\"Mini-formation au Massage Minceur\"}]}]}<\/script>\n<!-- \/ Yoast SEO plugin. -->","yoast_head_json":{"title":"Mini-formation au Massage Minceur - Je Vous Zen - Massage Academy","robots":{"index":"index","follow":"follow","max-snippet":"max-snippet:-1","max-image-preview":"max-image-preview:large","max-video-preview":"max-video-preview:-1"},"canonical":"http:\/\/www.jevouszen-massages.com\/index.php\/produit\/initiation-au-massage-minceur\/","og_locale":"fr_FR","og_type":"article","og_title":"Mini-formation au Massage Minceur - Je Vous Zen - Massage Academy","og_description":"Apprenez une fois pour toutes les techniques de palper-rouler, drainage et autres gestes amincissants aupr\u00e8s d&rsquo;une masseuse professionnelle agr\u00e9\u00e9e : &#8211; d\u00e9structurez les cellules graisseuses superflues pour les \u00e9vacuer &#8211; drainez : cellulite, peau d&rsquo;orange, r\u00e9tention d&rsquo;eau &#8211; r\u00e9duisez le","og_url":"http:\/\/www.jevouszen-massages.com\/index.php\/produit\/initiation-au-massage-minceur\/","og_site_name":"Je Vous Zen - Massage Academy","article_modified_time":"2020-06-08T12:09:01+00:00","og_image":[{"width":3154,"height":4731,"url":"http:\/\/www.jevouszen-massages.com\/wp-content\/uploads\/2019\/09\/elena-koycheva-edgbikzV5Do-unsplash.jpg","type":"image\/jpeg"}],"twitter_card":"summary_large_image","twitter_misc":{"Dur\u00e9e de lecture estim\u00e9e":"1 minute"},"schema":{"@context":"https:\/\/schema.org","@graph":[{"@type":"WebSite","@id":"http:\/\/www.jevouszen-massages.com\/#website","url":"http:\/\/www.jevouszen-massages.com\/","name":"Je Vous Zen - Massage Academy","description":"Centre de Formation au Massage bien-\u00eatre \u00e0 Marseille","potentialAction":[{"@type":"SearchAction","target":{"@type":"EntryPoint","urlTemplate":"http:\/\/www.jevouszen-massages.com\/?s={search_term_string}"},"query-input":"required name=search_term_string"}],"inLanguage":"fr-FR"},{"@type":"ImageObject","inLanguage":"fr-FR","@id":"http:\/\/www.jevouszen-massages.com\/index.php\/produit\/initiation-au-massage-minceur\/#primaryimage","url":"http:\/\/www.jevouszen-massages.com\/wp-content\/uploads\/2019\/09\/elena-koycheva-edgbikzV5Do-unsplash.jpg","contentUrl":"http:\/\/www.jevouszen-massages.com\/wp-content\/uploads\/2019\/09\/elena-koycheva-edgbikzV5Do-unsplash.jpg","width":3154,"height":4731},{"@type":"WebPage","@id":"http:\/\/www.jevouszen-massages.com\/index.php\/produit\/initiation-au-massage-minceur\/#webpage","url":"http:\/\/www.jevouszen-massages.com\/index.php\/produit\/initiation-au-massage-minceur\/","name":"Mini-formation au Massage Minceur - Je Vous Zen - Massage Academy","isPartOf":{"@id":"http:\/\/www.jevouszen-massages.com\/#website"},"primaryImageOfPage":{"@id":"http:\/\/www.jevouszen-massages.com\/index.php\/produit\/initiation-au-massage-minceur\/#primaryimage"},"datePublished":"2018-04-10T14:48:13+00:00","dateModified":"2020-06-08T12:09:01+00:00","breadcrumb":{"@id":"http:\/\/www.jevouszen-massages.com\/index.php\/produit\/initiation-au-massage-minceur\/#breadcrumb"},"inLanguage":"fr-FR","potentialAction":[{"@type":"ReadAction","target":["http:\/\/www.jevouszen-massages.com\/index.php\/produit\/initiation-au-massage-minceur\/"]}]},{"@type":"BreadcrumbList","@id":"http:\/\/www.jevouszen-massages.com\/index.php\/produit\/initiation-au-massage-minceur\/#breadcrumb","itemListElement":[{"@type":"ListItem","position":1,"name":"Accueil","item":"http:\/\/www.jevouszen-massages.com\/"},{"@type":"ListItem","position":2,"name":"Boutique","item":"http:\/\/www.jevouszen-massages.com\/index.php\/tarifs-boutique\/"},{"@type":"ListItem","position":3,"name":"Mini-formation au Massage Minceur"}]}]}},"jetpack_publicize_connections":[],"jetpack_sharing_enabled":true,"_links":{"self":[{"href":"http:\/\/www.jevouszen-massages.com\/index.php\/wp-json\/wp\/v2\/product\/352"}],"collection":[{"href":"http:\/\/www.jevouszen-massages.com\/index.php\/wp-json\/wp\/v2\/product"}],"about":[{"href":"http:\/\/www.jevouszen-massages.com\/index.php\/wp-json\/wp\/v2\/types\/product"}],"wp:featuredmedia":[{"embeddable":true,"href":"http:\/\/www.jevouszen-massages.com\/index.php\/wp-json\/wp\/v2\/media\/723"}],"wp:attachment":[{"href":"http:\/\/www.jevouszen-massages.com\/index.php\/wp-json\/wp\/v2\/media?parent=352"}],"wp:term":[{"taxonomy":"product_cat","embeddable":true,"href":"http:\/\/www.jevouszen-massages.com\/index.php\/wp-json\/wp\/v2\/product_cat?post=352"},{"taxonomy":"product_tag","embeddable":true,"href":"http:\/\/www.jevouszen-massages.com\/index.php\/wp-json\/wp\/v2\/product_tag?post=352"}],"curies":[{"name":"wp","href":"https:\/\/api.w.org\/{rel}","templated":true}]}}