{"id":704,"date":"2019-03-06T18:46:00","date_gmt":"2019-03-06T17:46:00","guid":{"rendered":"http:\/\/www.jevouszen-massages.com\/?post_type=product&#038;p=704"},"modified":"2020-06-08T14:05:56","modified_gmt":"2020-06-08T12:05:56","slug":"initiation-a-lauto-massage","status":"publish","type":"product","link":"http:\/\/www.jevouszen-massages.com\/index.php\/produit\/initiation-a-lauto-massage\/","title":{"rendered":"Mini-formation en Auto-Massage"},"content":{"rendered":"<p>Pas besoin des autres pour se faire du bien!<\/p>\n<p>Apprenez les gestes SOS pour se d\u00e9lasser facilement.<\/p>\n<p>Au bureau, chez soi, apr\u00e8s le sport, dans la nature, toutes les occasions sont bonnes pour se d\u00e9lasser et s&rsquo;offrir un moment de massage rapide et facile.<br \/>\nPar cet atelier vous apprendrez les gestes essentiels pour auto-masser des zones clefs de votre corps : vos pieds et vos mains, vos trap\u00e8zes, votre nuque, votre visage et votre cr\u00e2ne.<br \/>\nUn brin d&rsquo;anatomie, une pr\u00e9sentation des divers types de touchers, les bonnes postures et une soixantaine de gestes pour une pause efficace!<br \/>\nAtelier de 2 \u00e0 8 personnes<\/p>\n","protected":false},"excerpt":{"rendered":"<p>Pas besoin des autres pour se faire du bien! Apprenez les gestes SOS pour se d\u00e9lasser facilement. Au bureau, chez soi, apr\u00e8s le sport, dans la nature, toutes les occasions sont bonnes pour se d\u00e9lasser et s&rsquo;offrir un moment de<\/p>\n","protected":false},"featured_media":705,"template":"","meta":{"spay_email":"","jetpack_publicize_message":"","jetpack_is_tweetstorm":false,"jetpack_publicize_feature_enabled":true},"product_cat":[20],"product_tag":[],"yoast_head":"<!-- This site is optimized with the Yoast SEO plugin v18.9 - https:\/\/yoast.com\/wordpress\/plugins\/seo\/ -->\n<title>Mini-formation en Auto-Massage - Je Vous Zen - Massage Academy<\/title>\n<meta name=\"description\" content=\"Apprenez les gestes SOS pour vous d\u00e9lasser facilement et rapidement, partout. Mains, pieds, nuque, cr\u00e2ne, trap\u00e8zes... 60 gestes pour vous d\u00e9tendre.\" \/>\n<meta name=\"robots\" content=\"index, follow, max-snippet:-1, max-image-preview:large, max-video-preview:-1\" \/>\n<link rel=\"canonical\" href=\"https:\/\/www.jevouszen-massages.com\/index.php\/produit\/initiation-a-lauto-massage\/\" \/>\n<meta property=\"og:locale\" content=\"fr_FR\" \/>\n<meta property=\"og:type\" content=\"article\" \/>\n<meta property=\"og:title\" content=\"Mini-formation en Auto-Massage - Je Vous Zen - Massage Academy\" \/>\n<meta property=\"og:description\" content=\"Apprenez les gestes SOS pour vous d\u00e9lasser facilement et rapidement, partout. Mains, pieds, nuque, cr\u00e2ne, trap\u00e8zes... 60 gestes pour vous d\u00e9tendre.\" \/>\n<meta property=\"og:url\" content=\"https:\/\/www.jevouszen-massages.com\/index.php\/produit\/initiation-a-lauto-massage\/\" \/>\n<meta property=\"og:site_name\" content=\"Je Vous Zen - Massage Academy\" \/>\n<meta property=\"article:modified_time\" content=\"2020-06-08T12:05:56+00:00\" \/>\n<meta property=\"og:image\" content=\"https:\/\/www.jevouszen-massages.com\/wp-content\/uploads\/2019\/03\/auto-massage-1024x768.jpeg\" \/>\n\t<meta property=\"og:image:width\" content=\"1024\" \/>\n\t<meta property=\"og:image:height\" content=\"768\" \/>\n\t<meta property=\"og:image:type\" content=\"image\/jpeg\" \/>\n<meta name=\"twitter:card\" content=\"summary_large_image\" \/>\n<meta name=\"twitter:label1\" content=\"Dur\u00e9e de lecture estim\u00e9e\" \/>\n\t<meta name=\"twitter:data1\" content=\"1 minute\" \/>\n<script type=\"application\/ld+json\" class=\"yoast-schema-graph\">{\"@context\":\"https:\/\/schema.org\",\"@graph\":[{\"@type\":\"WebSite\",\"@id\":\"http:\/\/www.jevouszen-massages.com\/#website\",\"url\":\"http:\/\/www.jevouszen-massages.com\/\",\"name\":\"Je Vous Zen - Massage Academy\",\"description\":\"Centre de Formation au Massage bien-\u00eatre \u00e0 Marseille\",\"potentialAction\":[{\"@type\":\"SearchAction\",\"target\":{\"@type\":\"EntryPoint\",\"urlTemplate\":\"http:\/\/www.jevouszen-massages.com\/?s={search_term_string}\"},\"query-input\":\"required name=search_term_string\"}],\"inLanguage\":\"fr-FR\"},{\"@type\":\"ImageObject\",\"inLanguage\":\"fr-FR\",\"@id\":\"https:\/\/www.jevouszen-massages.com\/index.php\/produit\/initiation-a-lauto-massage\/#primaryimage\",\"url\":\"http:\/\/www.jevouszen-massages.com\/wp-content\/uploads\/2019\/03\/auto-massage.jpeg\",\"contentUrl\":\"http:\/\/www.jevouszen-massages.com\/wp-content\/uploads\/2019\/03\/auto-massage.jpeg\",\"width\":4032,\"height\":3024},{\"@type\":\"WebPage\",\"@id\":\"https:\/\/www.jevouszen-massages.com\/index.php\/produit\/initiation-a-lauto-massage\/#webpage\",\"url\":\"https:\/\/www.jevouszen-massages.com\/index.php\/produit\/initiation-a-lauto-massage\/\",\"name\":\"Mini-formation en Auto-Massage - Je Vous Zen - Massage Academy\",\"isPartOf\":{\"@id\":\"http:\/\/www.jevouszen-massages.com\/#website\"},\"primaryImageOfPage\":{\"@id\":\"https:\/\/www.jevouszen-massages.com\/index.php\/produit\/initiation-a-lauto-massage\/#primaryimage\"},\"datePublished\":\"2019-03-06T17:46:00+00:00\",\"dateModified\":\"2020-06-08T12:05:56+00:00\",\"description\":\"Apprenez les gestes SOS pour vous d\u00e9lasser facilement et rapidement, partout. Mains, pieds, nuque, cr\u00e2ne, trap\u00e8zes... 60 gestes pour vous d\u00e9tendre.\",\"breadcrumb\":{\"@id\":\"https:\/\/www.jevouszen-massages.com\/index.php\/produit\/initiation-a-lauto-massage\/#breadcrumb\"},\"inLanguage\":\"fr-FR\",\"potentialAction\":[{\"@type\":\"ReadAction\",\"target\":[\"https:\/\/www.jevouszen-massages.com\/index.php\/produit\/initiation-a-lauto-massage\/\"]}]},{\"@type\":\"BreadcrumbList\",\"@id\":\"https:\/\/www.jevouszen-massages.com\/index.php\/produit\/initiation-a-lauto-massage\/#breadcrumb\",\"itemListElement\":[{\"@type\":\"ListItem\",\"position\":1,\"name\":\"Accueil\",\"item\":\"http:\/\/www.jevouszen-massages.com\/\"},{\"@type\":\"ListItem\",\"position\":2,\"name\":\"Boutique\",\"item\":\"http:\/\/www.jevouszen-massages.com\/index.php\/tarifs-boutique\/\"},{\"@type\":\"ListItem\",\"position\":3,\"name\":\"Mini-formation en Auto-Massage\"}]}]}<\/script>\n<!-- \/ Yoast SEO plugin. -->","yoast_head_json":{"title":"Mini-formation en Auto-Massage - Je Vous Zen - Massage Academy","description":"Apprenez les gestes SOS pour vous d\u00e9lasser facilement et rapidement, partout. Mains, pieds, nuque, cr\u00e2ne, trap\u00e8zes... 60 gestes pour vous d\u00e9tendre.","robots":{"index":"index","follow":"follow","max-snippet":"max-snippet:-1","max-image-preview":"max-image-preview:large","max-video-preview":"max-video-preview:-1"},"canonical":"https:\/\/www.jevouszen-massages.com\/index.php\/produit\/initiation-a-lauto-massage\/","og_locale":"fr_FR","og_type":"article","og_title":"Mini-formation en Auto-Massage - Je Vous Zen - Massage Academy","og_description":"Apprenez les gestes SOS pour vous d\u00e9lasser facilement et rapidement, partout. Mains, pieds, nuque, cr\u00e2ne, trap\u00e8zes... 60 gestes pour vous d\u00e9tendre.","og_url":"https:\/\/www.jevouszen-massages.com\/index.php\/produit\/initiation-a-lauto-massage\/","og_site_name":"Je Vous Zen - Massage Academy","article_modified_time":"2020-06-08T12:05:56+00:00","og_image":[{"width":1024,"height":768,"url":"https:\/\/www.jevouszen-massages.com\/wp-content\/uploads\/2019\/03\/auto-massage-1024x768.jpeg","type":"image\/jpeg"}],"twitter_card":"summary_large_image","twitter_misc":{"Dur\u00e9e de lecture estim\u00e9e":"1 minute"},"schema":{"@context":"https:\/\/schema.org","@graph":[{"@type":"WebSite","@id":"http:\/\/www.jevouszen-massages.com\/#website","url":"http:\/\/www.jevouszen-massages.com\/","name":"Je Vous Zen - Massage Academy","description":"Centre de Formation au Massage bien-\u00eatre \u00e0 Marseille","potentialAction":[{"@type":"SearchAction","target":{"@type":"EntryPoint","urlTemplate":"http:\/\/www.jevouszen-massages.com\/?s={search_term_string}"},"query-input":"required name=search_term_string"}],"inLanguage":"fr-FR"},{"@type":"ImageObject","inLanguage":"fr-FR","@id":"https:\/\/www.jevouszen-massages.com\/index.php\/produit\/initiation-a-lauto-massage\/#primaryimage","url":"http:\/\/www.jevouszen-massages.com\/wp-content\/uploads\/2019\/03\/auto-massage.jpeg","contentUrl":"http:\/\/www.jevouszen-massages.com\/wp-content\/uploads\/2019\/03\/auto-massage.jpeg","width":4032,"height":3024},{"@type":"WebPage","@id":"https:\/\/www.jevouszen-massages.com\/index.php\/produit\/initiation-a-lauto-massage\/#webpage","url":"https:\/\/www.jevouszen-massages.com\/index.php\/produit\/initiation-a-lauto-massage\/","name":"Mini-formation en Auto-Massage - Je Vous Zen - Massage Academy","isPartOf":{"@id":"http:\/\/www.jevouszen-massages.com\/#website"},"primaryImageOfPage":{"@id":"https:\/\/www.jevouszen-massages.com\/index.php\/produit\/initiation-a-lauto-massage\/#primaryimage"},"datePublished":"2019-03-06T17:46:00+00:00","dateModified":"2020-06-08T12:05:56+00:00","description":"Apprenez les gestes SOS pour vous d\u00e9lasser facilement et rapidement, partout. Mains, pieds, nuque, cr\u00e2ne, trap\u00e8zes... 60 gestes pour vous d\u00e9tendre.","breadcrumb":{"@id":"https:\/\/www.jevouszen-massages.com\/index.php\/produit\/initiation-a-lauto-massage\/#breadcrumb"},"inLanguage":"fr-FR","potentialAction":[{"@type":"ReadAction","target":["https:\/\/www.jevouszen-massages.com\/index.php\/produit\/initiation-a-lauto-massage\/"]}]},{"@type":"BreadcrumbList","@id":"https:\/\/www.jevouszen-massages.com\/index.php\/produit\/initiation-a-lauto-massage\/#breadcrumb","itemListElement":[{"@type":"ListItem","position":1,"name":"Accueil","item":"http:\/\/www.jevouszen-massages.com\/"},{"@type":"ListItem","position":2,"name":"Boutique","item":"http:\/\/www.jevouszen-massages.com\/index.php\/tarifs-boutique\/"},{"@type":"ListItem","position":3,"name":"Mini-formation en Auto-Massage"}]}]}},"jetpack_publicize_connections":[],"jetpack_sharing_enabled":true,"_links":{"self":[{"href":"http:\/\/www.jevouszen-massages.com\/index.php\/wp-json\/wp\/v2\/product\/704"}],"collection":[{"href":"http:\/\/www.jevouszen-massages.com\/index.php\/wp-json\/wp\/v2\/product"}],"about":[{"href":"http:\/\/www.jevouszen-massages.com\/index.php\/wp-json\/wp\/v2\/types\/product"}],"wp:featuredmedia":[{"embeddable":true,"href":"http:\/\/www.jevouszen-massages.com\/index.php\/wp-json\/wp\/v2\/media\/705"}],"wp:attachment":[{"href":"http:\/\/www.jevouszen-massages.com\/index.php\/wp-json\/wp\/v2\/media?parent=704"}],"wp:term":[{"taxonomy":"product_cat","embeddable":true,"href":"http:\/\/www.jevouszen-massages.com\/index.php\/wp-json\/wp\/v2\/product_cat?post=704"},{"taxonomy":"product_tag","embeddable":true,"href":"http:\/\/www.jevouszen-massages.com\/index.php\/wp-json\/wp\/v2\/product_tag?post=704"}],"curies":[{"name":"wp","href":"https:\/\/api.w.org\/{rel}","templated":true}]}}