{"id":357,"date":"2018-04-10T17:07:40","date_gmt":"2018-04-10T15:07:40","guid":{"rendered":"http:\/\/www.jevouszen-massages.com\/?post_type=product&#038;p=357"},"modified":"2022-01-25T19:09:22","modified_gmt":"2022-01-25T18:09:22","slug":"massage-bebe-et-jeune-enfant","status":"publish","type":"product","link":"https:\/\/www.jevouszen-massages.com\/index.php\/produit\/massage-bebe-et-jeune-enfant\/","title":{"rendered":"Atelier Massage B\u00e9b\u00e9"},"content":{"rendered":"<h3>M\u00e9thode ayurv\u00e9dique Shantala<\/h3>\n<p>Le massage du b\u00e9b\u00e9 est une habitude familiale ancr\u00e9e depuis des mill\u00e9naires en Inde. La maman a \u00e9t\u00e9 mass\u00e9e pendant sa grossesse et elle prend le relais \u00e0 la naissance de son b\u00e9b\u00e9.<\/p>\n<p>Ce massage stimule de fa\u00e7on naturelle et douce les syst\u00e8mes circulatoire, respiratoire, digestif et gastro-intestinal, ainsi que le syst\u00e8me immunitaire et nerveux. Il apaise la maman et le b\u00e9b\u00e9 et renforce le lien entre eux.<\/p>\n<p>Ateliers de 3 bin\u00f4mes parent\/enfant. De 1 mois \u00e0 2 ans et demi.<\/p>\n<p>Pr\u00e9voir un coussin d&rsquo;allaitement si possible, de l&rsquo;huile d&rsquo;amande douce et une serviette.<\/p>\n<p>Les d\u00e9monstrations sont faites sur un poupon.<\/p>\n<h3>La praticienne est certifi\u00e9e Instructrice en Massages B\u00e9b\u00e9s par l&rsquo;Ecole Azenday et agr\u00e9\u00e9e par la F\u00e9d\u00e9ration Fran\u00e7aise de Massages Bien-\u00catre.<\/h3>\n","protected":false},"excerpt":{"rendered":"<p>M\u00e9thode ayurv\u00e9dique Shantala Le massage du b\u00e9b\u00e9 est une habitude familiale ancr\u00e9e depuis des mill\u00e9naires en Inde. La maman a \u00e9t\u00e9 mass\u00e9e pendant sa grossesse et elle prend le relais \u00e0 la naissance de son b\u00e9b\u00e9. Ce massage stimule de<\/p>\n","protected":false},"featured_media":713,"template":"","meta":{"spay_email":"","jetpack_publicize_message":"","jetpack_is_tweetstorm":false,"jetpack_publicize_feature_enabled":true},"product_cat":[20],"product_tag":[],"yoast_head":"<!-- This site is optimized with the Yoast SEO plugin v18.9 - https:\/\/yoast.com\/wordpress\/plugins\/seo\/ -->\n<title>Atelier Massage B\u00e9b\u00e9 - Je Vous Zen - Massage Academy<\/title>\n<meta name=\"robots\" content=\"index, follow, max-snippet:-1, max-image-preview:large, max-video-preview:-1\" \/>\n<link rel=\"canonical\" href=\"http:\/\/www.jevouszen-massages.com\/index.php\/produit\/massage-bebe-et-jeune-enfant\/\" \/>\n<meta property=\"og:locale\" content=\"fr_FR\" \/>\n<meta property=\"og:type\" content=\"article\" \/>\n<meta property=\"og:title\" content=\"Atelier Massage B\u00e9b\u00e9 - Je Vous Zen - Massage Academy\" \/>\n<meta property=\"og:description\" content=\"M\u00e9thode ayurv\u00e9dique Shantala Le massage du b\u00e9b\u00e9 est une habitude familiale ancr\u00e9e depuis des mill\u00e9naires en Inde. La maman a \u00e9t\u00e9 mass\u00e9e pendant sa grossesse et elle prend le relais \u00e0 la naissance de son b\u00e9b\u00e9. Ce massage stimule de\" \/>\n<meta property=\"og:url\" content=\"http:\/\/www.jevouszen-massages.com\/index.php\/produit\/massage-bebe-et-jeune-enfant\/\" \/>\n<meta property=\"og:site_name\" content=\"Je Vous Zen - Massage Academy\" \/>\n<meta property=\"article:modified_time\" content=\"2022-01-25T18:09:22+00:00\" \/>\n<meta property=\"og:image\" content=\"http:\/\/www.jevouszen-massages.com\/wp-content\/uploads\/2018\/04\/70538398_2127119234260909_8806072434554830848_n.jpg\" \/>\n\t<meta property=\"og:image:width\" content=\"640\" \/>\n\t<meta property=\"og:image:height\" content=\"960\" \/>\n\t<meta property=\"og:image:type\" content=\"image\/jpeg\" \/>\n<meta name=\"twitter:card\" content=\"summary_large_image\" \/>\n<meta name=\"twitter:label1\" content=\"Dur\u00e9e de lecture estim\u00e9e\" \/>\n\t<meta name=\"twitter:data1\" content=\"1 minute\" \/>\n<script type=\"application\/ld+json\" class=\"yoast-schema-graph\">{\"@context\":\"https:\/\/schema.org\",\"@graph\":[{\"@type\":\"WebSite\",\"@id\":\"http:\/\/www.jevouszen-massages.com\/#website\",\"url\":\"http:\/\/www.jevouszen-massages.com\/\",\"name\":\"Je Vous Zen - Massage Academy\",\"description\":\"Centre de Formation au Massage bien-\u00eatre \u00e0 Marseille\",\"potentialAction\":[{\"@type\":\"SearchAction\",\"target\":{\"@type\":\"EntryPoint\",\"urlTemplate\":\"http:\/\/www.jevouszen-massages.com\/?s={search_term_string}\"},\"query-input\":\"required name=search_term_string\"}],\"inLanguage\":\"fr-FR\"},{\"@type\":\"ImageObject\",\"inLanguage\":\"fr-FR\",\"@id\":\"http:\/\/www.jevouszen-massages.com\/index.php\/produit\/massage-bebe-et-jeune-enfant\/#primaryimage\",\"url\":\"https:\/\/www.jevouszen-massages.com\/wp-content\/uploads\/2018\/04\/70538398_2127119234260909_8806072434554830848_n.jpg\",\"contentUrl\":\"https:\/\/www.jevouszen-massages.com\/wp-content\/uploads\/2018\/04\/70538398_2127119234260909_8806072434554830848_n.jpg\",\"width\":640,\"height\":960},{\"@type\":\"WebPage\",\"@id\":\"http:\/\/www.jevouszen-massages.com\/index.php\/produit\/massage-bebe-et-jeune-enfant\/#webpage\",\"url\":\"http:\/\/www.jevouszen-massages.com\/index.php\/produit\/massage-bebe-et-jeune-enfant\/\",\"name\":\"Atelier Massage B\u00e9b\u00e9 - Je Vous Zen - Massage Academy\",\"isPartOf\":{\"@id\":\"http:\/\/www.jevouszen-massages.com\/#website\"},\"primaryImageOfPage\":{\"@id\":\"http:\/\/www.jevouszen-massages.com\/index.php\/produit\/massage-bebe-et-jeune-enfant\/#primaryimage\"},\"datePublished\":\"2018-04-10T15:07:40+00:00\",\"dateModified\":\"2022-01-25T18:09:22+00:00\",\"breadcrumb\":{\"@id\":\"http:\/\/www.jevouszen-massages.com\/index.php\/produit\/massage-bebe-et-jeune-enfant\/#breadcrumb\"},\"inLanguage\":\"fr-FR\",\"potentialAction\":[{\"@type\":\"ReadAction\",\"target\":[\"http:\/\/www.jevouszen-massages.com\/index.php\/produit\/massage-bebe-et-jeune-enfant\/\"]}]},{\"@type\":\"BreadcrumbList\",\"@id\":\"http:\/\/www.jevouszen-massages.com\/index.php\/produit\/massage-bebe-et-jeune-enfant\/#breadcrumb\",\"itemListElement\":[{\"@type\":\"ListItem\",\"position\":1,\"name\":\"Accueil\",\"item\":\"http:\/\/www.jevouszen-massages.com\/\"},{\"@type\":\"ListItem\",\"position\":2,\"name\":\"Boutique\",\"item\":\"http:\/\/www.jevouszen-massages.com\/index.php\/tarifs-boutique\/\"},{\"@type\":\"ListItem\",\"position\":3,\"name\":\"Atelier Massage B\u00e9b\u00e9\"}]}]}<\/script>\n<!-- \/ Yoast SEO plugin. -->","yoast_head_json":{"title":"Atelier Massage B\u00e9b\u00e9 - Je Vous Zen - Massage Academy","robots":{"index":"index","follow":"follow","max-snippet":"max-snippet:-1","max-image-preview":"max-image-preview:large","max-video-preview":"max-video-preview:-1"},"canonical":"http:\/\/www.jevouszen-massages.com\/index.php\/produit\/massage-bebe-et-jeune-enfant\/","og_locale":"fr_FR","og_type":"article","og_title":"Atelier Massage B\u00e9b\u00e9 - Je Vous Zen - Massage Academy","og_description":"M\u00e9thode ayurv\u00e9dique Shantala Le massage du b\u00e9b\u00e9 est une habitude familiale ancr\u00e9e depuis des mill\u00e9naires en Inde. La maman a \u00e9t\u00e9 mass\u00e9e pendant sa grossesse et elle prend le relais \u00e0 la naissance de son b\u00e9b\u00e9. Ce massage stimule de","og_url":"http:\/\/www.jevouszen-massages.com\/index.php\/produit\/massage-bebe-et-jeune-enfant\/","og_site_name":"Je Vous Zen - Massage Academy","article_modified_time":"2022-01-25T18:09:22+00:00","og_image":[{"width":640,"height":960,"url":"http:\/\/www.jevouszen-massages.com\/wp-content\/uploads\/2018\/04\/70538398_2127119234260909_8806072434554830848_n.jpg","type":"image\/jpeg"}],"twitter_card":"summary_large_image","twitter_misc":{"Dur\u00e9e de lecture estim\u00e9e":"1 minute"},"schema":{"@context":"https:\/\/schema.org","@graph":[{"@type":"WebSite","@id":"http:\/\/www.jevouszen-massages.com\/#website","url":"http:\/\/www.jevouszen-massages.com\/","name":"Je Vous Zen - Massage Academy","description":"Centre de Formation au Massage bien-\u00eatre \u00e0 Marseille","potentialAction":[{"@type":"SearchAction","target":{"@type":"EntryPoint","urlTemplate":"http:\/\/www.jevouszen-massages.com\/?s={search_term_string}"},"query-input":"required name=search_term_string"}],"inLanguage":"fr-FR"},{"@type":"ImageObject","inLanguage":"fr-FR","@id":"http:\/\/www.jevouszen-massages.com\/index.php\/produit\/massage-bebe-et-jeune-enfant\/#primaryimage","url":"https:\/\/www.jevouszen-massages.com\/wp-content\/uploads\/2018\/04\/70538398_2127119234260909_8806072434554830848_n.jpg","contentUrl":"https:\/\/www.jevouszen-massages.com\/wp-content\/uploads\/2018\/04\/70538398_2127119234260909_8806072434554830848_n.jpg","width":640,"height":960},{"@type":"WebPage","@id":"http:\/\/www.jevouszen-massages.com\/index.php\/produit\/massage-bebe-et-jeune-enfant\/#webpage","url":"http:\/\/www.jevouszen-massages.com\/index.php\/produit\/massage-bebe-et-jeune-enfant\/","name":"Atelier Massage B\u00e9b\u00e9 - Je Vous Zen - Massage Academy","isPartOf":{"@id":"http:\/\/www.jevouszen-massages.com\/#website"},"primaryImageOfPage":{"@id":"http:\/\/www.jevouszen-massages.com\/index.php\/produit\/massage-bebe-et-jeune-enfant\/#primaryimage"},"datePublished":"2018-04-10T15:07:40+00:00","dateModified":"2022-01-25T18:09:22+00:00","breadcrumb":{"@id":"http:\/\/www.jevouszen-massages.com\/index.php\/produit\/massage-bebe-et-jeune-enfant\/#breadcrumb"},"inLanguage":"fr-FR","potentialAction":[{"@type":"ReadAction","target":["http:\/\/www.jevouszen-massages.com\/index.php\/produit\/massage-bebe-et-jeune-enfant\/"]}]},{"@type":"BreadcrumbList","@id":"http:\/\/www.jevouszen-massages.com\/index.php\/produit\/massage-bebe-et-jeune-enfant\/#breadcrumb","itemListElement":[{"@type":"ListItem","position":1,"name":"Accueil","item":"http:\/\/www.jevouszen-massages.com\/"},{"@type":"ListItem","position":2,"name":"Boutique","item":"http:\/\/www.jevouszen-massages.com\/index.php\/tarifs-boutique\/"},{"@type":"ListItem","position":3,"name":"Atelier Massage B\u00e9b\u00e9"}]}]}},"jetpack_publicize_connections":[],"jetpack_sharing_enabled":true,"_links":{"self":[{"href":"https:\/\/www.jevouszen-massages.com\/index.php\/wp-json\/wp\/v2\/product\/357"}],"collection":[{"href":"https:\/\/www.jevouszen-massages.com\/index.php\/wp-json\/wp\/v2\/product"}],"about":[{"href":"https:\/\/www.jevouszen-massages.com\/index.php\/wp-json\/wp\/v2\/types\/product"}],"wp:featuredmedia":[{"embeddable":true,"href":"https:\/\/www.jevouszen-massages.com\/index.php\/wp-json\/wp\/v2\/media\/713"}],"wp:attachment":[{"href":"https:\/\/www.jevouszen-massages.com\/index.php\/wp-json\/wp\/v2\/media?parent=357"}],"wp:term":[{"taxonomy":"product_cat","embeddable":true,"href":"https:\/\/www.jevouszen-massages.com\/index.php\/wp-json\/wp\/v2\/product_cat?post=357"},{"taxonomy":"product_tag","embeddable":true,"href":"https:\/\/www.jevouszen-massages.com\/index.php\/wp-json\/wp\/v2\/product_tag?post=357"}],"curies":[{"name":"wp","href":"https:\/\/api.w.org\/{rel}","templated":true}]}}